{"id":2,"date":"2019-11-04T20:16:43","date_gmt":"2019-11-04T19:16:43","guid":{"rendered":"http:\/\/wirsindguesen.de\/?page_id=2"},"modified":"2026-01-04T13:40:35","modified_gmt":"2026-01-04T12:40:35","slug":"ueberuns","status":"publish","type":"page","link":"https:\/\/wirsindguesen.de\/index.php\/ueberuns\/","title":{"rendered":"\u00dcber uns"},"content":{"rendered":"\n<h2 class=\"wp-block-heading\">Heimatverein \u201eWir sind G\u00fcsen\u201c e.V.<\/h2>\n\n\n\n<p>Mit der Satzung vom 05.09.2019 wurde in G\u00fcsen der Heimatverein\n\u201eWir sind G\u00fcsen\u201c e.V. gegr\u00fcndet. \n<\/p>\n\n\n\n<p>Mit einstimmigen Beschluss der Mitgliederversammlung wurde die Vereinssatzung am 06.12.2025 erweitert!<\/p>\n\n\n\n<p>Mit Datum vom 06.12.2025 wurde als erster Vorsitzender Martin M\u00fcller gew\u00e4hlt, des Weiteren sind im Vorstand vertreten: Martin Helmrich als stellvertretender Vorsitzender, als Schatzmeisterin Ute Brenner, als Schriftf\u00fchrerin Jasmin Schmidt, Steffen Jahn als Verantwortlicher f\u00fcr technische Angelegenheiten, Yvonne Timpel als Verantwortliche f\u00fcr Veranstaltungen und Caroline G\u00e4de als Verantwortliche f\u00fcr \u00d6ffentlichkeitsarbeit.<\/p>\n\n\n\n<p>Ziel des Vereins ist es das kulturelle Leben in G\u00fcsen weiterzuentwickeln und zu festigen. Als erstes gro\u00dfes Ziel wurde die Reaktivierung des Festplatzes gesetzt. Dieses ambitionierte Ziel wird durch viele freiwillige Helfer bei den Arbeitseins\u00e4tzen, durch die Hilfe der der Gemeinde und von Sponsoren vorangetrieben und inzwischen umgesetzt. Die Freilichtb\u00fchne in G\u00fcsen ist zu einem beliebten Freiluft-Veranstaltungsort in der Region gewachsen.<\/p>\n\n\n\n<p>Weitere tolle Projekte konnten wir in der Vergangenheit umsetzen:<\/p>\n\n\n\n<ul class=\"wp-block-list\">\n<li>&#8211; die Bienenwiese mit Streuobstwiese<\/li>\n\n\n\n<li>&#8211; die Errichtung einer B\u00fccherzelle<\/li>\n\n\n\n<li>&#8211; das Aufstellen von Mitfahrb\u00e4nken<\/li>\n\n\n\n<li>&#8211; das Aufstellen einer E-Bike Ladestation<\/li>\n\n\n\n<li>&#8211; die Errichtung eines Bolzplatzes<\/li>\n\n\n\n<li>&#8211; die Sanierung der Bushaltestelle<\/li>\n\n\n\n<li>&#8211; das Stellen eines Maibaums<\/li>\n\n\n\n<li>&#8211; die Einf\u00fchrung vieler kleiner Events unter dem Titel \u201eG\u00fcsen trifft sich\u201c<\/li>\n\n\n\n<li>&#8211; die Teilnahme an \u201eUnser Dorf hat Zukunft\u201c<\/li>\n<\/ul>\n\n\n\n<p>Aktuell z\u00e4hlt der Verein 65 Mitglieder, die sich jeden ersten Freitag im Monat an der Freilichtb\u00fchne zum Stammtisch treffen. Interessenten sind immer herzlich willkommen.<\/p>\n","protected":false},"excerpt":{"rendered":"<p>Heimatverein \u201eWir sind G\u00fcsen\u201c e.V. Mit der Satzung vom 05.09.2019 wurde in G\u00fcsen der Heimatverein \u201eWir sind G\u00fcsen\u201c e.V. gegr\u00fcndet. Mit einstimmigen Beschluss der Mitgliederversammlung wurde die Vereinssatzung am 06.12.2025 erweitert! Mit Datum vom 06.12.2025 wurde als erster Vorsitzender Martin &hellip; <a href=\"https:\/\/wirsindguesen.de\/index.php\/ueberuns\/\">Weiterlesen <span class=\"meta-nav\">&rarr;<\/span><\/a><\/p>\n","protected":false},"author":1,"featured_media":0,"parent":0,"menu_order":0,"comment_status":"closed","ping_status":"open","template":"","meta":{"footnotes":""},"class_list":["post-2","page","type-page","status-publish","hentry"],"_links":{"self":[{"href":"https:\/\/wirsindguesen.de\/index.php\/wp-json\/wp\/v2\/pages\/2","targetHints":{"allow":["GET"]}}],"collection":[{"href":"https:\/\/wirsindguesen.de\/index.php\/wp-json\/wp\/v2\/pages"}],"about":[{"href":"https:\/\/wirsindguesen.de\/index.php\/wp-json\/wp\/v2\/types\/page"}],"author":[{"embeddable":true,"href":"https:\/\/wirsindguesen.de\/index.php\/wp-json\/wp\/v2\/users\/1"}],"replies":[{"embeddable":true,"href":"https:\/\/wirsindguesen.de\/index.php\/wp-json\/wp\/v2\/comments?post=2"}],"version-history":[{"count":9,"href":"https:\/\/wirsindguesen.de\/index.php\/wp-json\/wp\/v2\/pages\/2\/revisions"}],"predecessor-version":[{"id":629,"href":"https:\/\/wirsindguesen.de\/index.php\/wp-json\/wp\/v2\/pages\/2\/revisions\/629"}],"wp:attachment":[{"href":"https:\/\/wirsindguesen.de\/index.php\/wp-json\/wp\/v2\/media?parent=2"}],"curies":[{"name":"wp","href":"https:\/\/api.w.org\/{rel}","templated":true}]}}