{"id":9,"date":"2019-11-04T20:27:50","date_gmt":"2019-11-04T19:27:50","guid":{"rendered":"http:\/\/wirsindguesen.de\/?page_id=9"},"modified":"2026-01-04T12:35:15","modified_gmt":"2026-01-04T11:35:15","slug":"impressum","status":"publish","type":"page","link":"https:\/\/wirsindguesen.de\/index.php\/impressum\/","title":{"rendered":"Impressum"},"content":{"rendered":"\n<p>Wir sind G\u00fcsen e.V.<br>An der Heide 21<br>39317 G\u00fcsen<\/p>\n\n\n\n<p>Telefon: 0151-16204569<br>E-Mail: <a href=\"mailto:wir-sind-guesen@t-online.de\">info@wirsindguesen.de<\/a><br> <\/p>\n\n\n\n<p><strong>Vertreten durch:<\/strong><\/p>\n\n\n\n<ul class=\"wp-block-list\">\n<li>Vorsitzender Martin M\u00fcller<\/li>\n\n\n\n<li>Stellvertretender Vorsitzender Martin Helmrich<\/li>\n\n\n\n<li>Schatzmeisterin Ute Brenner<\/li>\n<\/ul>\n\n\n\n<p><strong>Satzung &#8222;Wir sind G\u00fcsen&#8220; e.V.<\/strong><\/p>\n\n\n\n<div data-wp-interactive=\"core\/file\" class=\"wp-block-file\"><object data-wp-bind--hidden=\"!state.hasPdfPreview\" hidden class=\"wp-block-file__embed\" data=\"https:\/\/wirsindguesen.de\/wp-content\/uploads\/2026\/01\/Satzung.pdf\" type=\"application\/pdf\" style=\"width:100%;height:710px\" aria-label=\"Einbettung von Satzung.\"><\/object><a id=\"wp-block-file--media-d86e139f-f671-4cdd-a090-1b5d5023cf68\" href=\"https:\/\/wirsindguesen.de\/wp-content\/uploads\/2026\/01\/Satzung.pdf\">Satzung<\/a><a href=\"https:\/\/wirsindguesen.de\/wp-content\/uploads\/2026\/01\/Satzung.pdf\" class=\"wp-block-file__button wp-element-button\" download aria-describedby=\"wp-block-file--media-d86e139f-f671-4cdd-a090-1b5d5023cf68\">Herunterladen<\/a><\/div>\n\n\n\n<p><\/p>\n","protected":false},"excerpt":{"rendered":"<p>Wir sind G\u00fcsen e.V.An der Heide 2139317 G\u00fcsen Telefon: 0151-16204569E-Mail: info@wirsindguesen.de Vertreten durch: Satzung &#8222;Wir sind G\u00fcsen&#8220; e.V.<\/p>\n","protected":false},"author":1,"featured_media":0,"parent":0,"menu_order":0,"comment_status":"closed","ping_status":"closed","template":"","meta":{"footnotes":""},"class_list":["post-9","page","type-page","status-publish","hentry"],"_links":{"self":[{"href":"https:\/\/wirsindguesen.de\/index.php\/wp-json\/wp\/v2\/pages\/9","targetHints":{"allow":["GET"]}}],"collection":[{"href":"https:\/\/wirsindguesen.de\/index.php\/wp-json\/wp\/v2\/pages"}],"about":[{"href":"https:\/\/wirsindguesen.de\/index.php\/wp-json\/wp\/v2\/types\/page"}],"author":[{"embeddable":true,"href":"https:\/\/wirsindguesen.de\/index.php\/wp-json\/wp\/v2\/users\/1"}],"replies":[{"embeddable":true,"href":"https:\/\/wirsindguesen.de\/index.php\/wp-json\/wp\/v2\/comments?post=9"}],"version-history":[{"count":11,"href":"https:\/\/wirsindguesen.de\/index.php\/wp-json\/wp\/v2\/pages\/9\/revisions"}],"predecessor-version":[{"id":626,"href":"https:\/\/wirsindguesen.de\/index.php\/wp-json\/wp\/v2\/pages\/9\/revisions\/626"}],"wp:attachment":[{"href":"https:\/\/wirsindguesen.de\/index.php\/wp-json\/wp\/v2\/media?parent=9"}],"curies":[{"name":"wp","href":"https:\/\/api.w.org\/{rel}","templated":true}]}}